{"id":623,"date":"2021-09-14T23:37:47","date_gmt":"2021-09-15T04:37:47","guid":{"rendered":"https:\/\/emcviolationsremoval.com\/?page_id=623"},"modified":"2025-02-07T11:21:51","modified_gmt":"2025-02-07T16:21:51","slug":"contact","status":"publish","type":"page","link":"https:\/\/emcviolationsremoval.com\/en\/contact\/","title":{"rendered":"Contact"},"content":{"rendered":"<p>[et_pb_section fb_built=&#8221;1&#8243; disabled_on=&#8221;on|on|off&#8221; _builder_version=&#8221;4.16&#8243; background_image=&#8221;https:\/\/emcviolationsremoval.com\/wp-content\/uploads\/2021\/09\/contacto_7.jpg&#8221; custom_padding=&#8221;||14px|||&#8221; da_disable_devices=&#8221;off|off|off&#8221; global_colors_info=&#8221;{}&#8221; da_is_popup=&#8221;off&#8221; da_exit_intent=&#8221;off&#8221; da_has_close=&#8221;on&#8221; da_alt_close=&#8221;off&#8221; da_dark_close=&#8221;off&#8221; da_not_modal=&#8221;on&#8221; da_is_singular=&#8221;off&#8221; da_with_loader=&#8221;off&#8221; da_has_shadow=&#8221;on&#8221;][et_pb_row column_structure=&#8221;1_2,1_2&#8243; _builder_version=&#8221;4.16&#8243; global_colors_info=&#8221;{}&#8221;][et_pb_column type=&#8221;1_2&#8243; _builder_version=&#8221;4.16&#8243; global_colors_info=&#8221;{}&#8221;][\/et_pb_column][et_pb_column type=&#8221;1_2&#8243; _builder_version=&#8221;4.16&#8243; global_colors_info=&#8221;{}&#8221;][et_pb_cta title=&#8221;Cont\u00e1ctanos&#8221; module_class=&#8221;popmake-129&#8243; _builder_version=&#8221;4.20.2&#8243; header_text_align=&#8221;left&#8221; header_text_color=&#8221;#08088A&#8221; body_font=&#8221;|300|||||||&#8221; body_text_color=&#8221;#08088A&#8221; background_enable_color=&#8221;off&#8221; custom_button=&#8221;on&#8221; button_text_color=&#8221;#DF7401&#8243; button_border_radius=&#8221;10px&#8221; border_radii=&#8221;on|10px|10px|10px|10px&#8221; global_colors_info=&#8221;{}&#8221;]<\/p>\n<p style=\"text-align: justify;\"><span style=\"font-weight: 400;\">Cont\u00e1ctanos para contar con el apoyo que necesitas. Podemos ayudarte a resolver cada una de las violaciones de tu propiedad, para que puedas venderla en el menor tiempo posible. Estamos dispuestos a asesorarte.<br \/><\/span><\/p>\n<p style=\"text-align: justify;\"><span style=\"font-weight: 400;\">\u00a1No dudes en ponerte en contacto con nosotros!<\/span><\/p>\n<p>[\/et_pb_cta][\/et_pb_column][\/et_pb_row][\/et_pb_section][et_pb_section fb_built=&#8221;1&#8243; disabled_on=&#8221;off|off|on&#8221; _builder_version=&#8221;4.16&#8243; custom_padding=&#8221;0px||0px|||&#8221; da_disable_devices=&#8221;off|off|off&#8221; global_colors_info=&#8221;{}&#8221; da_is_popup=&#8221;off&#8221; da_exit_intent=&#8221;off&#8221; da_has_close=&#8221;on&#8221; da_alt_close=&#8221;off&#8221; da_dark_close=&#8221;off&#8221; da_not_modal=&#8221;on&#8221; da_is_singular=&#8221;off&#8221; da_with_loader=&#8221;off&#8221; da_has_shadow=&#8221;on&#8221;][et_pb_row _builder_version=&#8221;4.16&#8243; background_color=&#8221;#08088A&#8221; width=&#8221;100%&#8221; max_width=&#8221;100%&#8221; global_colors_info=&#8221;{}&#8221;][et_pb_column type=&#8221;4_4&#8243; _builder_version=&#8221;4.16&#8243; global_colors_info=&#8221;{}&#8221;][et_pb_text _builder_version=&#8221;4.16&#8243; text_text_color=&#8221;#ffffff&#8221; header_font=&#8221;||||||||&#8221; header_text_align=&#8221;center&#8221; header_text_color=&#8221;#ffffff&#8221; header_line_height=&#8221;1.3em&#8221; custom_padding=&#8221;|10%||10%|false|true&#8221; global_colors_info=&#8221;{}&#8221;]<\/p>\n<h1>Cont\u00e1ctanos<\/h1>\n<p>Somos los aliados que necesitas, resolvemos cada uno de las violaciones de tu propiedad, con el fin de que puedas venderla lo antes posible, solo ponte en contacto con nosotros y te ayudamos.<\/p>\n<p>[\/et_pb_text][et_pb_button button_url=&#8221;#contacto&#8221; button_text=&#8221;\u00a1Llama ahora!&#8221; button_alignment=&#8221;center&#8221; module_class=&#8221;popmake-129&#8243; _builder_version=&#8221;4.16&#8243; custom_button=&#8221;on&#8221; button_text_color=&#8221;#ffffff&#8221; button_border_radius=&#8221;10px&#8221; global_colors_info=&#8221;{}&#8221;][\/et_pb_button][\/et_pb_column][\/et_pb_row][\/et_pb_section][et_pb_section fb_built=&#8221;1&#8243; _builder_version=&#8221;4.16&#8243; _module_preset=&#8221;default&#8221; custom_padding=&#8221;9px||0px|||&#8221; da_disable_devices=&#8221;off|off|off&#8221; global_colors_info=&#8221;{}&#8221; da_is_popup=&#8221;off&#8221; da_exit_intent=&#8221;off&#8221; da_has_close=&#8221;on&#8221; da_alt_close=&#8221;off&#8221; da_dark_close=&#8221;off&#8221; da_not_modal=&#8221;on&#8221; da_is_singular=&#8221;off&#8221; da_with_loader=&#8221;off&#8221; da_has_shadow=&#8221;on&#8221;][et_pb_row column_structure=&#8221;1_3,1_3,1_3&#8243; use_custom_gutter=&#8221;on&#8221; gutter_width=&#8221;2&#8243; make_equal=&#8221;on&#8221; _builder_version=&#8221;4.16&#8243; _module_preset=&#8221;default&#8221; global_colors_info=&#8221;{}&#8221;][et_pb_column type=&#8221;1_3&#8243; _builder_version=&#8221;4.16&#8243; _module_preset=&#8221;default&#8221; global_colors_info=&#8221;{}&#8221;][et_pb_blurb title=&#8221;Mailing Address:&#8221; image=&#8221;https:\/\/emcviolationsremoval.com\/wp-content\/uploads\/2023\/06\/Icon-1-30.png&#8221; icon_placement=&#8221;left&#8221; image_icon_width=&#8221;60px&#8221; admin_label=&#8221;Blurb&#8221; _builder_version=&#8221;4.24.0&#8243; background_enable_color=&#8221;off&#8221; image_max_width=&#8221;60px&#8221; global_colors_info=&#8221;{}&#8221;]<\/p>\n<p>63-61 Yellowstone Blvd , Apt. 1F Forest Hills NY 11375.<\/p>\n<p>[\/et_pb_blurb][\/et_pb_column][et_pb_column type=&#8221;1_3&#8243; _builder_version=&#8221;4.16&#8243; _module_preset=&#8221;default&#8221; global_colors_info=&#8221;{}&#8221;][et_pb_blurb title=&#8221;Phone Number&#8221; image=&#8221;https:\/\/emcviolationsremoval.com\/wp-content\/uploads\/2023\/06\/Icon-1-49.png&#8221; icon_placement=&#8221;left&#8221; image_icon_width=&#8221;60px&#8221; admin_label=&#8221;Blurb&#8221; _builder_version=&#8221;4.20.2&#8243; background_enable_color=&#8221;off&#8221; image_max_width=&#8221;60px&#8221; global_colors_info=&#8221;{}&#8221;]<\/p>\n<ul>\n<li><span style=\"font-weight: 400;\"><span>(718) 424-9871 <br \/><\/span><\/span><\/li>\n<\/ul>\n<p>[\/et_pb_blurb][\/et_pb_column][et_pb_column type=&#8221;1_3&#8243; _builder_version=&#8221;4.16&#8243; _module_preset=&#8221;default&#8221; global_colors_info=&#8221;{}&#8221;][et_pb_blurb title=&#8221;Horario de atenci\u00f3n al cliente:&#8221; image=&#8221;https:\/\/emcviolationsremoval.com\/wp-content\/uploads\/2021\/10\/working-hours-1.png&#8221; icon_placement=&#8221;left&#8221; image_icon_width=&#8221;60px&#8221; _builder_version=&#8221;4.20.2&#8243; image_max_width=&#8221;60px&#8221; global_colors_info=&#8221;{}&#8221;]<\/p>\n<p>Lunes a viernes: 10:00 AM &#8211; 6:00 PM<br \/>S\u00e1bados: 10:00 AM &#8211; 2:00 PM<\/p>\n<p>[\/et_pb_blurb][\/et_pb_column][\/et_pb_row][\/et_pb_section][et_pb_section fb_built=&#8221;1&#8243; _builder_version=&#8221;4.16&#8243; _module_preset=&#8221;default&#8221; background_enable_image=&#8221;off&#8221; custom_padding=&#8221;9px||9px||true|&#8221; top_divider_height=&#8221;80px&#8221; bottom_divider_color=&#8221;#FFFFFF&#8221; bottom_divider_height=&#8221;80px&#8221; da_disable_devices=&#8221;off|off|off&#8221; global_colors_info=&#8221;{}&#8221; da_is_popup=&#8221;off&#8221; da_exit_intent=&#8221;off&#8221; da_has_close=&#8221;on&#8221; da_alt_close=&#8221;off&#8221; da_dark_close=&#8221;off&#8221; da_not_modal=&#8221;on&#8221; da_is_singular=&#8221;off&#8221; da_with_loader=&#8221;off&#8221; da_has_shadow=&#8221;on&#8221;][et_pb_row use_custom_gutter=&#8221;on&#8221; gutter_width=&#8221;2&#8243; make_equal=&#8221;on&#8221; _builder_version=&#8221;4.16&#8243; _module_preset=&#8221;default&#8221; custom_padding=&#8221;0px||1px|||&#8221; custom_css_main_element=&#8221;align-items:center;&#8221; global_colors_info=&#8221;{}&#8221;][et_pb_column type=&#8221;4_4&#8243; _builder_version=&#8221;4.16&#8243; _module_preset=&#8221;default&#8221; global_colors_info=&#8221;{}&#8221;][et_pb_text _builder_version=&#8221;4.20.2&#8243; _module_preset=&#8221;default&#8221; header_text_color=&#8221;#D88D3A&#8221; header_font_size=&#8221;36px&#8221; header_line_height=&#8221;1.6em&#8221; header_3_text_color=&#8221;#D88D3A&#8221; custom_padding=&#8221;6px||0px||false|&#8221; global_colors_info=&#8221;{}&#8221;]<\/p>\n<h2 style=\"text-align: center;\"><span style=\"font-weight: 400;\">En nuestro equipo estamos listos para guiarte y servirte en cada uno de tus procesos de construcci\u00f3n, compra o remodelaci\u00f3n de vivienda.<\/span><span style=\"font-weight: 400;\"><\/span><\/h2>\n<p>[\/et_pb_text][\/et_pb_column][\/et_pb_row][\/et_pb_section][et_pb_section fb_built=&#8221;1&#8243; _builder_version=&#8221;4.20.2&#8243; _module_preset=&#8221;default&#8221; use_background_color_gradient=&#8221;on&#8221; background_color_gradient_stops=&#8221;rgba(52,82,154,0.39) 99%|rgba(52,82,154,0.39) 100%&#8221; background_color_gradient_overlays_image=&#8221;on&#8221; background_image=&#8221;https:\/\/emcviolationsremoval.com\/wp-content\/uploads\/2021\/09\/construction-plans-and-drawing-tools-on-blueprints.jpg&#8221; custom_padding=&#8221;9px||9px||true|&#8221; top_divider_height=&#8221;80px&#8221; bottom_divider_color=&#8221;#FFFFFF&#8221; bottom_divider_height=&#8221;80px&#8221; da_disable_devices=&#8221;off|off|off&#8221; global_colors_info=&#8221;{}&#8221; da_is_popup=&#8221;off&#8221; da_exit_intent=&#8221;off&#8221; da_has_close=&#8221;on&#8221; da_alt_close=&#8221;off&#8221; da_dark_close=&#8221;off&#8221; da_not_modal=&#8221;on&#8221; da_is_singular=&#8221;off&#8221; da_with_loader=&#8221;off&#8221; da_has_shadow=&#8221;on&#8221;][et_pb_row _builder_version=&#8221;4.20.2&#8243; _module_preset=&#8221;default&#8221; global_colors_info=&#8221;{}&#8221;][et_pb_column type=&#8221;4_4&#8243; _builder_version=&#8221;4.20.2&#8243; _module_preset=&#8221;default&#8221; global_colors_info=&#8221;{}&#8221;][et_pb_text _builder_version=&#8221;4.20.2&#8243; _module_preset=&#8221;default&#8221; global_colors_info=&#8221;{}&#8221;]<\/p>\n<h1 style=\"text-align: center;\"><span style=\"color: #df7401;\">D\u00e9janos tus datos y nos <strong>contactaremos<\/strong> contigo<\/span><\/h1>\n<p>[\/et_pb_text][\/et_pb_column][\/et_pb_row][et_pb_row column_structure=&#8221;1_2,1_2&#8243; _builder_version=&#8221;4.20.2&#8243; _module_preset=&#8221;default&#8221; global_colors_info=&#8221;{}&#8221;][et_pb_column type=&#8221;1_2&#8243; _builder_version=&#8221;4.20.2&#8243; _module_preset=&#8221;default&#8221; global_colors_info=&#8221;{}&#8221;][et_pb_text _builder_version=&#8221;4.20.2&#8243; _module_preset=&#8221;default&#8221; global_colors_info=&#8221;{}&#8221;]<\/p>\n<h2><span style=\"font-weight: 400;\"><strong>\u00a1Obtenga una consulta gratuita!!<\/strong><\/span><span style=\"font-weight: 400;\"><\/span><\/h2>\n<h2><span style=\"font-weight: 400;\">Siempre es un gusto atenderte\u2026<br \/>\nEscr\u00edbenos aqu\u00ed si necesitas m\u00e1s informaci\u00f3n sobre algunos de nuestros servicios.<\/span><\/h2>\n<p>&nbsp;<\/p>\n<p><span style=\"font-weight: 400;\"><\/span>[\/et_pb_text][\/et_pb_column][et_pb_column type=&#8221;1_2&#8243; _builder_version=&#8221;4.20.2&#8243; _module_preset=&#8221;default&#8221; global_colors_info=&#8221;{}&#8221;][et_pb_text _builder_version=&#8221;4.20.2&#8243; _module_preset=&#8221;default&#8221; global_colors_info=&#8221;{}&#8221;]\n<div class=\"wpcf7 no-js\" id=\"wpcf7-f449-o1\" lang=\"es-CO\" dir=\"ltr\" data-wpcf7-id=\"449\">\n<div class=\"screen-reader-response\"><p role=\"status\" aria-live=\"polite\" aria-atomic=\"true\"><\/p> <ul><\/ul><\/div>\n<form action=\"\/en\/wp-json\/wp\/v2\/pages\/623#wpcf7-f449-o1\" method=\"post\" class=\"wpcf7-form init\" aria-label=\"Formulario de contacto\" novalidate=\"novalidate\" data-status=\"init\">\n<fieldset class=\"hidden-fields-container\"><input type=\"hidden\" name=\"_wpcf7\" value=\"449\" \/><input type=\"hidden\" name=\"_wpcf7_version\" value=\"6.1.6\" \/><input type=\"hidden\" name=\"_wpcf7_locale\" value=\"es_CO\" \/><input type=\"hidden\" name=\"_wpcf7_unit_tag\" value=\"wpcf7-f449-o1\" \/><input type=\"hidden\" name=\"_wpcf7_container_post\" value=\"0\" \/><input type=\"hidden\" name=\"_wpcf7_posted_data_hash\" value=\"\" \/><input type=\"hidden\" name=\"_wpcf7_recaptcha_response\" value=\"\" \/>\n<\/fieldset>\n<div class=\"form-row\">\n\t<div class=\"column-half\">\n\t\t<p><span class=\"wpcf7-form-control-wrap\" data-name=\"nombres\"><input size=\"40\" maxlength=\"400\" class=\"wpcf7-form-control wpcf7-text wpcf7-validates-as-required\" id=\"nombres\" aria-required=\"true\" aria-invalid=\"false\" placeholder=\"Nombres\" value=\"\" type=\"text\" name=\"nombres\" \/><\/span>\n\t\t<\/p>\n\t\t<p><span class=\"wpcf7-form-control-wrap\" data-name=\"telefono-2\"><input size=\"40\" maxlength=\"400\" class=\"wpcf7-form-control wpcf7-tel wpcf7-validates-as-required wpcf7-text wpcf7-validates-as-tel\" id=\"telc\" aria-required=\"true\" aria-invalid=\"false\" placeholder=\"Tel\u00e9fono \/ Celular\" value=\"\" type=\"tel\" name=\"telefono-2\" \/><\/span>\n\t\t<\/p>\n\t<\/div>\n\t<div class=\"column-half\">\n\t\t<p><span class=\"wpcf7-form-control-wrap\" data-name=\"mensaje\"><textarea cols=\"40\" rows=\"10\" maxlength=\"2000\" class=\"wpcf7-form-control wpcf7-textarea wpcf7-validates-as-required\" aria-required=\"true\" aria-invalid=\"false\" placeholder=\"Comentarios\" name=\"mensaje\"><\/textarea><\/span><br \/>\n<span class=\"wpcf7-form-control-wrap\" data-name=\"acceptance-429\"><span class=\"wpcf7-form-control wpcf7-acceptance\"><span class=\"wpcf7-list-item\"><label><input type=\"checkbox\" name=\"acceptance-429\" value=\"1\" aria-invalid=\"false\" \/><span class=\"wpcf7-list-item-label\">Acepto la<a href=\"https:\/\/emcviolationsremoval.com\/terms-and-conditions\/\" target=\"_blank\"> pol\u00edtica de privacidad<\/a><\/span><\/label><\/span><\/span><\/span>\n\t\t<\/p>\n\t<\/div>\n<\/div>\n<p><input class=\"wpcf7-form-control wpcf7-submit has-spinner\" id=\"bt2\" type=\"submit\" value=\"Enviar\" \/>\n<\/p><div class=\"wpcf7-response-output\" aria-hidden=\"true\"><\/div>\n<\/form>\n<\/div>\n[\/et_pb_text][\/et_pb_column][\/et_pb_row][\/et_pb_section]<\/p>\n","protected":false},"excerpt":{"rendered":"<p>Cont\u00e1ctanos para contar con el apoyo que necesitas. Podemos ayudarte a resolver cada una de las violaciones de tu propiedad, para que puedas venderla en el menor tiempo posible. Estamos dispuestos a asesorarte. \u00a1No dudes en ponerte en contacto con nosotros!Cont\u00e1ctanos Somos los aliados que necesitas, resolvemos cada uno de las violaciones de tu propiedad, [&hellip;]<\/p>\n","protected":false},"author":1,"featured_media":0,"parent":0,"menu_order":0,"comment_status":"closed","ping_status":"closed","template":"","meta":{"nf_dc_page":"","_et_pb_use_builder":"on","_et_pb_old_content":"<!-- wp:divi\/placeholder \/-->","_et_gb_content_width":"","footnotes":""},"class_list":["post-623","page","type-page","status-publish","hentry"],"yoast_head":"<!-- This site is optimized with the Yoast SEO plugin v27.6 - https:\/\/yoast.com\/product\/yoast-seo-wordpress\/ -->\n<title>EMC Violations Removal | Contact EMC | Contact Us To Receive Personalized Consultancy<\/title>\n<meta name=\"description\" content=\"Reach out to us for professional advice on correcting construction violations on your property and turning your projects into reality. Don&#039;t hesitate to contact us! Our customer service hours are Monday to Friday from 10:00 AM to 6:00 PM and Saturdays from 10:00 AM to 2:00 PM.\" \/>\n<meta name=\"robots\" content=\"index, follow, max-snippet:-1, max-image-preview:large, max-video-preview:-1\" \/>\n<link rel=\"canonical\" href=\"https:\/\/emcviolationsremoval.com\/en\/contact\/\" \/>\n<meta property=\"og:locale\" content=\"en_US\" \/>\n<meta property=\"og:type\" content=\"article\" \/>\n<meta property=\"og:title\" content=\"EMC Violations Removal | Contact EMC | Contact Us To Receive Personalized Consultancy\" \/>\n<meta property=\"og:description\" content=\"Reach out to us for professional advice on correcting construction violations on your property and turning your projects into reality. Don&#039;t hesitate to contact us! Our customer service hours are Monday to Friday from 10:00 AM to 6:00 PM and Saturdays from 10:00 AM to 2:00 PM.\" \/>\n<meta property=\"og:url\" content=\"https:\/\/emcviolationsremoval.com\/en\/contact\/\" \/>\n<meta property=\"og:site_name\" content=\"EMC Violations Removal\" \/>\n<meta property=\"article:publisher\" content=\"https:\/\/www.facebook.com\/profile.php?id=100091994986815\" \/>\n<meta property=\"article:modified_time\" content=\"2025-02-07T16:21:51+00:00\" \/>\n<meta name=\"twitter:card\" content=\"summary_large_image\" \/>\n<meta name=\"twitter:label1\" content=\"Est. reading time\" \/>\n\t<meta name=\"twitter:data1\" content=\"2 minutes\" \/>\n<script type=\"application\/ld+json\" class=\"yoast-schema-graph\">{\"@context\":\"https:\\\/\\\/schema.org\",\"@graph\":[{\"@type\":\"WebPage\",\"@id\":\"https:\\\/\\\/emcviolationsremoval.com\\\/contact\\\/\",\"url\":\"https:\\\/\\\/emcviolationsremoval.com\\\/contact\\\/\",\"name\":\"EMC Violations Removal | Contact EMC | Contact Us To Receive Personalized Consultancy\",\"isPartOf\":{\"@id\":\"https:\\\/\\\/emcviolationsremoval.com\\\/en\\\/#website\"},\"datePublished\":\"2021-09-15T04:37:47+00:00\",\"dateModified\":\"2025-02-07T16:21:51+00:00\",\"description\":\"Reach out to us for professional advice on correcting construction violations on your property and turning your projects into reality. Don't hesitate to contact us! Our customer service hours are Monday to Friday from 10:00 AM to 6:00 PM and Saturdays from 10:00 AM to 2:00 PM.\",\"breadcrumb\":{\"@id\":\"https:\\\/\\\/emcviolationsremoval.com\\\/contact\\\/#breadcrumb\"},\"inLanguage\":\"en-US\",\"potentialAction\":[{\"@type\":\"ReadAction\",\"target\":[\"https:\\\/\\\/emcviolationsremoval.com\\\/contact\\\/\"]}]},{\"@type\":\"BreadcrumbList\",\"@id\":\"https:\\\/\\\/emcviolationsremoval.com\\\/contact\\\/#breadcrumb\",\"itemListElement\":[{\"@type\":\"ListItem\",\"position\":1,\"name\":\"Inicio\",\"item\":\"https:\\\/\\\/emcviolationsremoval.com\\\/\"},{\"@type\":\"ListItem\",\"position\":2,\"name\":\"Contacto\"}]},{\"@type\":\"WebSite\",\"@id\":\"https:\\\/\\\/emcviolationsremoval.com\\\/en\\\/#website\",\"url\":\"https:\\\/\\\/emcviolationsremoval.com\\\/en\\\/\",\"name\":\"EMC Violations Removal\",\"description\":\"EMC\",\"publisher\":{\"@id\":\"https:\\\/\\\/emcviolationsremoval.com\\\/en\\\/#organization\"},\"potentialAction\":[{\"@type\":\"SearchAction\",\"target\":{\"@type\":\"EntryPoint\",\"urlTemplate\":\"https:\\\/\\\/emcviolationsremoval.com\\\/en\\\/?s={search_term_string}\"},\"query-input\":{\"@type\":\"PropertyValueSpecification\",\"valueRequired\":true,\"valueName\":\"search_term_string\"}}],\"inLanguage\":\"en-US\"},{\"@type\":\"Organization\",\"@id\":\"https:\\\/\\\/emcviolationsremoval.com\\\/en\\\/#organization\",\"name\":\"EMC Violations Removal\",\"url\":\"https:\\\/\\\/emcviolationsremoval.com\\\/en\\\/\",\"logo\":{\"@type\":\"ImageObject\",\"inLanguage\":\"en-US\",\"@id\":\"https:\\\/\\\/emcviolationsremoval.com\\\/en\\\/#\\\/schema\\\/logo\\\/image\\\/\",\"url\":\"https:\\\/\\\/emcviolationsremoval.com\\\/wp-content\\\/uploads\\\/2021\\\/10\\\/Logo-EMC-2021.png\",\"contentUrl\":\"https:\\\/\\\/emcviolationsremoval.com\\\/wp-content\\\/uploads\\\/2021\\\/10\\\/Logo-EMC-2021.png\",\"width\":513,\"height\":186,\"caption\":\"EMC Violations Removal\"},\"image\":{\"@id\":\"https:\\\/\\\/emcviolationsremoval.com\\\/en\\\/#\\\/schema\\\/logo\\\/image\\\/\"},\"sameAs\":[\"https:\\\/\\\/www.facebook.com\\\/profile.php?id=100091994986815\",\"https:\\\/\\\/www.instagram.com\\\/emcviolationremoval\\\/\"]}]}<\/script>\n<!-- \/ Yoast SEO plugin. -->","yoast_head_json":{"title":"EMC Violations Removal | Contact EMC | Contact Us To Receive Personalized Consultancy","description":"Reach out to us for professional advice on correcting construction violations on your property and turning your projects into reality. Don't hesitate to contact us! Our customer service hours are Monday to Friday from 10:00 AM to 6:00 PM and Saturdays from 10:00 AM to 2:00 PM.","robots":{"index":"index","follow":"follow","max-snippet":"max-snippet:-1","max-image-preview":"max-image-preview:large","max-video-preview":"max-video-preview:-1"},"canonical":"https:\/\/emcviolationsremoval.com\/en\/contact\/","og_locale":"en_US","og_type":"article","og_title":"EMC Violations Removal | Contact EMC | Contact Us To Receive Personalized Consultancy","og_description":"Reach out to us for professional advice on correcting construction violations on your property and turning your projects into reality. Don't hesitate to contact us! Our customer service hours are Monday to Friday from 10:00 AM to 6:00 PM and Saturdays from 10:00 AM to 2:00 PM.","og_url":"https:\/\/emcviolationsremoval.com\/en\/contact\/","og_site_name":"EMC Violations Removal","article_publisher":"https:\/\/www.facebook.com\/profile.php?id=100091994986815","article_modified_time":"2025-02-07T16:21:51+00:00","twitter_card":"summary_large_image","twitter_misc":{"Est. reading time":"2 minutes"},"schema":{"@context":"https:\/\/schema.org","@graph":[{"@type":"WebPage","@id":"https:\/\/emcviolationsremoval.com\/contact\/","url":"https:\/\/emcviolationsremoval.com\/contact\/","name":"EMC Violations Removal | Contact EMC | Contact Us To Receive Personalized Consultancy","isPartOf":{"@id":"https:\/\/emcviolationsremoval.com\/en\/#website"},"datePublished":"2021-09-15T04:37:47+00:00","dateModified":"2025-02-07T16:21:51+00:00","description":"Reach out to us for professional advice on correcting construction violations on your property and turning your projects into reality. Don't hesitate to contact us! Our customer service hours are Monday to Friday from 10:00 AM to 6:00 PM and Saturdays from 10:00 AM to 2:00 PM.","breadcrumb":{"@id":"https:\/\/emcviolationsremoval.com\/contact\/#breadcrumb"},"inLanguage":"en-US","potentialAction":[{"@type":"ReadAction","target":["https:\/\/emcviolationsremoval.com\/contact\/"]}]},{"@type":"BreadcrumbList","@id":"https:\/\/emcviolationsremoval.com\/contact\/#breadcrumb","itemListElement":[{"@type":"ListItem","position":1,"name":"Inicio","item":"https:\/\/emcviolationsremoval.com\/"},{"@type":"ListItem","position":2,"name":"Contacto"}]},{"@type":"WebSite","@id":"https:\/\/emcviolationsremoval.com\/en\/#website","url":"https:\/\/emcviolationsremoval.com\/en\/","name":"EMC Violations Removal","description":"EMC","publisher":{"@id":"https:\/\/emcviolationsremoval.com\/en\/#organization"},"potentialAction":[{"@type":"SearchAction","target":{"@type":"EntryPoint","urlTemplate":"https:\/\/emcviolationsremoval.com\/en\/?s={search_term_string}"},"query-input":{"@type":"PropertyValueSpecification","valueRequired":true,"valueName":"search_term_string"}}],"inLanguage":"en-US"},{"@type":"Organization","@id":"https:\/\/emcviolationsremoval.com\/en\/#organization","name":"EMC Violations Removal","url":"https:\/\/emcviolationsremoval.com\/en\/","logo":{"@type":"ImageObject","inLanguage":"en-US","@id":"https:\/\/emcviolationsremoval.com\/en\/#\/schema\/logo\/image\/","url":"https:\/\/emcviolationsremoval.com\/wp-content\/uploads\/2021\/10\/Logo-EMC-2021.png","contentUrl":"https:\/\/emcviolationsremoval.com\/wp-content\/uploads\/2021\/10\/Logo-EMC-2021.png","width":513,"height":186,"caption":"EMC Violations Removal"},"image":{"@id":"https:\/\/emcviolationsremoval.com\/en\/#\/schema\/logo\/image\/"},"sameAs":["https:\/\/www.facebook.com\/profile.php?id=100091994986815","https:\/\/www.instagram.com\/emcviolationremoval\/"]}]}},"_links":{"self":[{"href":"https:\/\/emcviolationsremoval.com\/en\/wp-json\/wp\/v2\/pages\/623","targetHints":{"allow":["GET"]}}],"collection":[{"href":"https:\/\/emcviolationsremoval.com\/en\/wp-json\/wp\/v2\/pages"}],"about":[{"href":"https:\/\/emcviolationsremoval.com\/en\/wp-json\/wp\/v2\/types\/page"}],"author":[{"embeddable":true,"href":"https:\/\/emcviolationsremoval.com\/en\/wp-json\/wp\/v2\/users\/1"}],"replies":[{"embeddable":true,"href":"https:\/\/emcviolationsremoval.com\/en\/wp-json\/wp\/v2\/comments?post=623"}],"version-history":[{"count":7,"href":"https:\/\/emcviolationsremoval.com\/en\/wp-json\/wp\/v2\/pages\/623\/revisions"}],"predecessor-version":[{"id":2283,"href":"https:\/\/emcviolationsremoval.com\/en\/wp-json\/wp\/v2\/pages\/623\/revisions\/2283"}],"wp:attachment":[{"href":"https:\/\/emcviolationsremoval.com\/en\/wp-json\/wp\/v2\/media?parent=623"}],"curies":[{"name":"wp","href":"https:\/\/api.w.org\/{rel}","templated":true}]}}