{"id":780,"date":"2021-09-17T09:54:31","date_gmt":"2021-09-17T14:54:31","guid":{"rendered":"https:\/\/emcviolationsremoval.com\/?page_id=780"},"modified":"2023-11-13T13:12:38","modified_gmt":"2023-11-13T18:12:38","slug":"terms-and-conditions","status":"publish","type":"page","link":"https:\/\/emcviolationsremoval.com\/en\/terms-and-conditions\/","title":{"rendered":"T\u00e9rminos y condiciones"},"content":{"rendered":"\n[et_pb_section fb_built=&#8221;1&#8243; _builder_version=&#8221;4.10.7&#8243; _module_preset=&#8221;default&#8221; da_disable_devices=&#8221;off|off|off&#8221; global_colors_info=&#8221;{}&#8221; da_is_popup=&#8221;off&#8221; da_exit_intent=&#8221;off&#8221; da_has_close=&#8221;on&#8221; da_alt_close=&#8221;off&#8221; da_dark_close=&#8221;off&#8221; da_not_modal=&#8221;on&#8221; da_is_singular=&#8221;off&#8221; da_with_loader=&#8221;off&#8221; da_has_shadow=&#8221;on&#8221;][et_pb_row _builder_version=&#8221;4.10.7&#8243; _module_preset=&#8221;default&#8221; global_colors_info=&#8221;{}&#8221;][et_pb_column type=&#8221;4_4&#8243; _builder_version=&#8221;4.10.7&#8243; _module_preset=&#8221;default&#8221; global_colors_info=&#8221;{}&#8221;][et_pb_text _builder_version=&#8221;4.10.7&#8243; _module_preset=&#8221;default&#8221; custom_padding=&#8221;||50px|||&#8221; global_colors_info=&#8221;{}&#8221;]<h1 style=\"text-align: center;\">Pol\u00edtica de privacidad<\/h1>\n<p><span style=\"font-weight: 400;\">Es requisito necesario para la adquisici\u00f3n de los servicios que se ofrecen en este sitio, que lea y acepte los siguientes T\u00e9rminos y Condiciones que a continuaci\u00f3n se redactan. El uso de nuestros servicios implica que usted ha le\u00eddo y aceptado los T\u00e9rminos y Condiciones de uso en el presente documento<\/span><\/p>\n<p><span style=\"font-weight: 400;\">Consideramos que la privacidad es esencial para el ejercicio de la libertad de expresi\u00f3n, libertad de pensamiento y libertad de asociaci\u00f3n. EMC tiene el compromiso de proteger su privacidad en su calidad de usuario y\/o visitante. Esta Pol\u00edtica de Privacidad explica qu\u00e9 informaci\u00f3n recopilamos sobre usted y por qu\u00e9 motivo. Al utilizar nuestro sitio web, descargar nuestras aplicaciones m\u00f3viles o visitar nuestras oficinas usted acepta esta pol\u00edtica. Asimismo, usted acepta permitirnos usar su direcci\u00f3n electr\u00f3nica y domicilio postal para comunicarnos con usted sobre nuestros programas, servicios, campa\u00f1as de publicidad\u00a0 y m\u00e1s.<\/span><\/p>\n<p><span style=\"font-weight: 400;\">Esta Pol\u00edtica de Privacidad puede cambiar de vez en cuando y dichos cambios se publicar\u00e1n en nuestro sitio web. Por ese motivo, le aconsejamos consultar peri\u00f3dicamente las actualizaciones. Le alertamos de los cambios sustanciales efectuados al indicar en la pol\u00edtica la fecha en que se actualiz\u00f3 por \u00faltima vez, al colocar un aviso en nuestro sitio web, al enviar un mensaje electr\u00f3nico y\/o por otros medios.<\/span><\/p>\n<p><b>Informaci\u00f3n colectada<\/b><\/p>\n<p><span style=\"font-weight: 400;\">Recopilamos informaci\u00f3n sobre usted de tres maneras: directamente de usted, de registros de red recopilados autom\u00e1ticamente y mediante &#8220;cookies&#8221;. T\u00edpicamente mantenemos la informaci\u00f3n solo por el tiempo necesario para la operaci\u00f3n adecuada y para poder prestar mejores servicios.<\/span><\/p>\n<p><b>Uso de la informaci\u00f3n colectada<\/b><\/p>\n<p><span style=\"font-weight: 400;\">Nuestro sitio web emplea la informaci\u00f3n con el fin de proporcionar el mejor servicio posible, particularmente para mantener un registro de usuarios, y mejorar nuestros servicios. Es posible que sean enviados correos electr\u00f3nicos peri\u00f3dicamente a trav\u00e9s de nuestro sitio web, como servicios publicitarios y boletines informativos que puedan brindar alg\u00fan beneficio. Estos correos electr\u00f3nicos ser\u00e1n enviados a la direcci\u00f3n que usted proporcione y podr\u00e1n ser cancelados en cualquier momento.<\/span><\/p>\n<p><span style=\"font-weight: 400;\">EMC est\u00e1 altamente comprometido para cumplir con el compromiso de mantener su informaci\u00f3n segura. Usamos los sistemas m\u00e1s avanzados y los actualizamos constantemente para asegurarnos que no exista ning\u00fan acceso no autorizado.<\/span><\/p>\n<p>&nbsp;<\/p>\n<p><b>Cookies<\/b><\/p>\n<p><span style=\"font-weight: 400;\">Una cookie se refiere a un fichero que es enviado con la finalidad de solicitar permiso para almacenarse en su ordenador, al aceptar dicho fichero se crea y la cookie sirve entonces para tener informaci\u00f3n respecto al tr\u00e1fico web, y tambi\u00e9n facilita las futuras noticias recurrentes. Otra funci\u00f3n que tienen las cookies es que con ellas las web pueden reconocerse individualmente y por tanto brindarte el mejor servicio personalizado de su web.<\/span><\/p>\n<p><span style=\"font-weight: 400;\">Nuestro sitio web emplea las cookies para poder identificar las p\u00e1ginas que son visitadas y su frecuencia. Esta informaci\u00f3n es empleada \u00fanicamente para an\u00e1lisis estad\u00edstico y despu\u00e9s la informaci\u00f3n se elimina de forma permanente.<\/span><\/p>\n<p><span style=\"font-weight: 400;\">\u00a0Usted puede eliminar las cookies en cualquier momento desde su ordenador. Sin embargo las cookies ayudan a proporcionar un mejor servicio de los sitios web, est\u00e1s no dan acceso a informaci\u00f3n de su ordenador ni de usted, a menos de que usted as\u00ed lo quiera y la proporcione directamente. Usted puede aceptar o negar el uso de cookies, sin embargo la mayor\u00eda de navegadores aceptan cookies autom\u00e1ticamente pues sirve para tener un mejor servicio web. Tambi\u00e9n usted puede cambiar la configuraci\u00f3n de su ordenador para declinar las cookies. Si se declinan es posible que no pueda utilizar algunos de nuestros servicios.<\/span><\/p>\n<p><b>Control de su informaci\u00f3n personal<\/b><\/p>\n<p><span style=\"font-weight: 400;\">En cualquier momento usted puede restringir la recopilaci\u00f3n o el uso de la informaci\u00f3n personal que es proporcionada a nuestro sitio web. Cada vez que se le solicite rellenar el\u00a0 formulario de contacto, puede marcar o desmarcar la opci\u00f3n de recibir informaci\u00f3n por correo electr\u00f3nico. En caso de que haya marcado la opci\u00f3n de recibir nuestro bolet\u00edn o publicidad usted puede cancelarla en cualquier momento.<\/span><\/p>\n<p><span style=\"font-weight: 400;\">Esta compa\u00f1\u00eda no vender\u00e1, ceder\u00e1 ni distribuir\u00e1 la informaci\u00f3n personal que es recopilada sin su consentimiento, salvo que sea requerido por un juez con una orden judicial.<\/span><\/p>\n<p><span style=\"font-weight: 400;\">EMC se reserva el derecho de cambiar los t\u00e9rminos de la presente Pol\u00edtica de Privacidad en cualquier momento.<\/span><\/p>\n<p><b>Cuando comparte EMC informaci\u00f3n?<\/b><\/p>\n<p>&nbsp;<\/p>\n<p><span style=\"font-weight: 400;\">Solicitudes legales. En ocasiones la ley nos exige dar a conocer la informaci\u00f3n sobre usted, como por ejemplo si recibimos una citaci\u00f3n judicial, mandamiento u orden judicial v\u00e1lida.\u00a0 Es posible que demos a conocer la informaci\u00f3n sobre usted si, despu\u00e9s de un an\u00e1lisis detenido, en nuestra opini\u00f3n las leyes, incluida la ley estatal sobre privacidad aplicable a nuestros servicios, nos exigen hacerlo.<\/span><\/p>\n<p>&nbsp;<\/p>\n<p><b>Para m\u00e1s informaci\u00f3n<\/b><\/p>\n<p>&nbsp;<\/p>\n<p><span style=\"font-weight: 400;\">Si tiene preguntas o inquietudes sobre nuestra Pol\u00edtica de Privacidad y su aplicaci\u00f3n, env\u00edenos un mensaje electr\u00f3nico a: emcviolations@gmail.com<\/span><\/p>[\/et_pb_text][\/et_pb_column][\/et_pb_row][\/et_pb_section]\n","protected":false},"excerpt":{"rendered":"<p>Pol\u00edtica de privacidad Es requisito necesario para la adquisici\u00f3n de los servicios que se ofrecen en este sitio, que lea y acepte los siguientes T\u00e9rminos y Condiciones que a continuaci\u00f3n se redactan. El uso de nuestros servicios implica que usted ha le\u00eddo y aceptado los T\u00e9rminos y Condiciones de uso en el presente documento Consideramos [&hellip;]<\/p>\n","protected":false},"author":1,"featured_media":0,"parent":0,"menu_order":0,"comment_status":"closed","ping_status":"closed","template":"","meta":{"nf_dc_page":"","_et_pb_use_builder":"on","_et_pb_old_content":"","_et_gb_content_width":"","footnotes":""},"class_list":["post-780","page","type-page","status-publish","hentry"],"yoast_head":"<!-- This site is optimized with the Yoast SEO plugin v27.6 - https:\/\/yoast.com\/product\/yoast-seo-wordpress\/ -->\n<title>Terms and Conditions - EMC Violations Removal<\/title>\n<meta name=\"robots\" content=\"noindex, follow\" \/>\n<meta property=\"og:locale\" content=\"en_US\" \/>\n<meta property=\"og:type\" content=\"article\" \/>\n<meta property=\"og:title\" content=\"Terms and Conditions - EMC Violations Removal\" \/>\n<meta property=\"og:description\" content=\"Pol\u00edtica de privacidad Es requisito necesario para la adquisici\u00f3n de los servicios que se ofrecen en este sitio, que lea y acepte los siguientes T\u00e9rminos y Condiciones que a continuaci\u00f3n se redactan. El uso de nuestros servicios implica que usted ha le\u00eddo y aceptado los T\u00e9rminos y Condiciones de uso en el presente documento Consideramos [&hellip;]\" \/>\n<meta property=\"og:url\" content=\"https:\/\/emcviolationsremoval.com\/en\/terms-and-conditions\/\" \/>\n<meta property=\"og:site_name\" content=\"EMC Violations Removal\" \/>\n<meta property=\"article:publisher\" content=\"https:\/\/www.facebook.com\/profile.php?id=100091994986815\" \/>\n<meta property=\"article:modified_time\" content=\"2023-11-13T18:12:38+00:00\" \/>\n<meta name=\"twitter:card\" content=\"summary_large_image\" \/>\n<meta name=\"twitter:label1\" content=\"Est. reading time\" \/>\n\t<meta name=\"twitter:data1\" content=\"4 minutes\" \/>\n<script type=\"application\/ld+json\" class=\"yoast-schema-graph\">{\"@context\":\"https:\\\/\\\/schema.org\",\"@graph\":[{\"@type\":\"WebPage\",\"@id\":\"https:\\\/\\\/emcviolationsremoval.com\\\/terms-and-conditions\\\/\",\"url\":\"https:\\\/\\\/emcviolationsremoval.com\\\/terms-and-conditions\\\/\",\"name\":\"Terms and Conditions - EMC Violations Removal\",\"isPartOf\":{\"@id\":\"https:\\\/\\\/emcviolationsremoval.com\\\/en\\\/#website\"},\"datePublished\":\"2021-09-17T14:54:31+00:00\",\"dateModified\":\"2023-11-13T18:12:38+00:00\",\"breadcrumb\":{\"@id\":\"https:\\\/\\\/emcviolationsremoval.com\\\/terms-and-conditions\\\/#breadcrumb\"},\"inLanguage\":\"en-US\",\"potentialAction\":[{\"@type\":\"ReadAction\",\"target\":[\"https:\\\/\\\/emcviolationsremoval.com\\\/terms-and-conditions\\\/\"]}]},{\"@type\":\"BreadcrumbList\",\"@id\":\"https:\\\/\\\/emcviolationsremoval.com\\\/terms-and-conditions\\\/#breadcrumb\",\"itemListElement\":[{\"@type\":\"ListItem\",\"position\":1,\"name\":\"Inicio\",\"item\":\"https:\\\/\\\/emcviolationsremoval.com\\\/\"},{\"@type\":\"ListItem\",\"position\":2,\"name\":\"T\u00e9rminos y condiciones\"}]},{\"@type\":\"WebSite\",\"@id\":\"https:\\\/\\\/emcviolationsremoval.com\\\/en\\\/#website\",\"url\":\"https:\\\/\\\/emcviolationsremoval.com\\\/en\\\/\",\"name\":\"EMC Violations Removal\",\"description\":\"EMC\",\"publisher\":{\"@id\":\"https:\\\/\\\/emcviolationsremoval.com\\\/en\\\/#organization\"},\"potentialAction\":[{\"@type\":\"SearchAction\",\"target\":{\"@type\":\"EntryPoint\",\"urlTemplate\":\"https:\\\/\\\/emcviolationsremoval.com\\\/en\\\/?s={search_term_string}\"},\"query-input\":{\"@type\":\"PropertyValueSpecification\",\"valueRequired\":true,\"valueName\":\"search_term_string\"}}],\"inLanguage\":\"en-US\"},{\"@type\":\"Organization\",\"@id\":\"https:\\\/\\\/emcviolationsremoval.com\\\/en\\\/#organization\",\"name\":\"EMC Violations Removal\",\"url\":\"https:\\\/\\\/emcviolationsremoval.com\\\/en\\\/\",\"logo\":{\"@type\":\"ImageObject\",\"inLanguage\":\"en-US\",\"@id\":\"https:\\\/\\\/emcviolationsremoval.com\\\/en\\\/#\\\/schema\\\/logo\\\/image\\\/\",\"url\":\"https:\\\/\\\/emcviolationsremoval.com\\\/wp-content\\\/uploads\\\/2021\\\/10\\\/Logo-EMC-2021.png\",\"contentUrl\":\"https:\\\/\\\/emcviolationsremoval.com\\\/wp-content\\\/uploads\\\/2021\\\/10\\\/Logo-EMC-2021.png\",\"width\":513,\"height\":186,\"caption\":\"EMC Violations Removal\"},\"image\":{\"@id\":\"https:\\\/\\\/emcviolationsremoval.com\\\/en\\\/#\\\/schema\\\/logo\\\/image\\\/\"},\"sameAs\":[\"https:\\\/\\\/www.facebook.com\\\/profile.php?id=100091994986815\",\"https:\\\/\\\/www.instagram.com\\\/emcviolationremoval\\\/\"]}]}<\/script>\n<!-- \/ Yoast SEO plugin. -->","yoast_head_json":{"title":"Terms and Conditions - EMC Violations Removal","robots":{"index":"noindex","follow":"follow"},"og_locale":"en_US","og_type":"article","og_title":"Terms and Conditions - EMC Violations Removal","og_description":"Pol\u00edtica de privacidad Es requisito necesario para la adquisici\u00f3n de los servicios que se ofrecen en este sitio, que lea y acepte los siguientes T\u00e9rminos y Condiciones que a continuaci\u00f3n se redactan. El uso de nuestros servicios implica que usted ha le\u00eddo y aceptado los T\u00e9rminos y Condiciones de uso en el presente documento Consideramos [&hellip;]","og_url":"https:\/\/emcviolationsremoval.com\/en\/terms-and-conditions\/","og_site_name":"EMC Violations Removal","article_publisher":"https:\/\/www.facebook.com\/profile.php?id=100091994986815","article_modified_time":"2023-11-13T18:12:38+00:00","twitter_card":"summary_large_image","twitter_misc":{"Est. reading time":"4 minutes"},"schema":{"@context":"https:\/\/schema.org","@graph":[{"@type":"WebPage","@id":"https:\/\/emcviolationsremoval.com\/terms-and-conditions\/","url":"https:\/\/emcviolationsremoval.com\/terms-and-conditions\/","name":"Terms and Conditions - EMC Violations Removal","isPartOf":{"@id":"https:\/\/emcviolationsremoval.com\/en\/#website"},"datePublished":"2021-09-17T14:54:31+00:00","dateModified":"2023-11-13T18:12:38+00:00","breadcrumb":{"@id":"https:\/\/emcviolationsremoval.com\/terms-and-conditions\/#breadcrumb"},"inLanguage":"en-US","potentialAction":[{"@type":"ReadAction","target":["https:\/\/emcviolationsremoval.com\/terms-and-conditions\/"]}]},{"@type":"BreadcrumbList","@id":"https:\/\/emcviolationsremoval.com\/terms-and-conditions\/#breadcrumb","itemListElement":[{"@type":"ListItem","position":1,"name":"Inicio","item":"https:\/\/emcviolationsremoval.com\/"},{"@type":"ListItem","position":2,"name":"T\u00e9rminos y condiciones"}]},{"@type":"WebSite","@id":"https:\/\/emcviolationsremoval.com\/en\/#website","url":"https:\/\/emcviolationsremoval.com\/en\/","name":"EMC Violations Removal","description":"EMC","publisher":{"@id":"https:\/\/emcviolationsremoval.com\/en\/#organization"},"potentialAction":[{"@type":"SearchAction","target":{"@type":"EntryPoint","urlTemplate":"https:\/\/emcviolationsremoval.com\/en\/?s={search_term_string}"},"query-input":{"@type":"PropertyValueSpecification","valueRequired":true,"valueName":"search_term_string"}}],"inLanguage":"en-US"},{"@type":"Organization","@id":"https:\/\/emcviolationsremoval.com\/en\/#organization","name":"EMC Violations Removal","url":"https:\/\/emcviolationsremoval.com\/en\/","logo":{"@type":"ImageObject","inLanguage":"en-US","@id":"https:\/\/emcviolationsremoval.com\/en\/#\/schema\/logo\/image\/","url":"https:\/\/emcviolationsremoval.com\/wp-content\/uploads\/2021\/10\/Logo-EMC-2021.png","contentUrl":"https:\/\/emcviolationsremoval.com\/wp-content\/uploads\/2021\/10\/Logo-EMC-2021.png","width":513,"height":186,"caption":"EMC Violations Removal"},"image":{"@id":"https:\/\/emcviolationsremoval.com\/en\/#\/schema\/logo\/image\/"},"sameAs":["https:\/\/www.facebook.com\/profile.php?id=100091994986815","https:\/\/www.instagram.com\/emcviolationremoval\/"]}]}},"_links":{"self":[{"href":"https:\/\/emcviolationsremoval.com\/en\/wp-json\/wp\/v2\/pages\/780","targetHints":{"allow":["GET"]}}],"collection":[{"href":"https:\/\/emcviolationsremoval.com\/en\/wp-json\/wp\/v2\/pages"}],"about":[{"href":"https:\/\/emcviolationsremoval.com\/en\/wp-json\/wp\/v2\/types\/page"}],"author":[{"embeddable":true,"href":"https:\/\/emcviolationsremoval.com\/en\/wp-json\/wp\/v2\/users\/1"}],"replies":[{"embeddable":true,"href":"https:\/\/emcviolationsremoval.com\/en\/wp-json\/wp\/v2\/comments?post=780"}],"version-history":[{"count":8,"href":"https:\/\/emcviolationsremoval.com\/en\/wp-json\/wp\/v2\/pages\/780\/revisions"}],"predecessor-version":[{"id":1934,"href":"https:\/\/emcviolationsremoval.com\/en\/wp-json\/wp\/v2\/pages\/780\/revisions\/1934"}],"wp:attachment":[{"href":"https:\/\/emcviolationsremoval.com\/en\/wp-json\/wp\/v2\/media?parent=780"}],"curies":[{"name":"wp","href":"https:\/\/api.w.org\/{rel}","templated":true}]}}